{"id":11227,"date":"2025-10-29T09:51:40","date_gmt":"2025-10-29T09:51:40","guid":{"rendered":"https:\/\/www.foodanddrinks-expo.gr\/ble\/"},"modified":"2025-10-30T11:43:50","modified_gmt":"2025-10-30T11:43:50","slug":"ble","status":"publish","type":"page","link":"https:\/\/www.foodanddrinks-expo.gr\/en\/ble\/","title":{"rendered":"Ble"},"content":{"rendered":"\t\t<div data-elementor-type=\"wp-page\" data-elementor-id=\"11227\" class=\"elementor elementor-11227 elementor-10941\" data-elementor-post-type=\"page\">\n\t\t\t\t\t\t<section class=\"elementor-section elementor-top-section elementor-element elementor-element-f2b5381 elementor-section-boxed elementor-section-height-default elementor-section-height-default\" data-id=\"f2b5381\" data-element_type=\"section\" data-e-type=\"section\">\n\t\t\t\t\t\t<div class=\"elementor-container elementor-column-gap-default\">\n\t\t\t\t\t<div class=\"elementor-column elementor-col-100 elementor-top-column elementor-element elementor-element-6afda48\" data-id=\"6afda48\" data-element_type=\"column\" data-e-type=\"column\">\n\t\t\t<div class=\"elementor-widget-wrap elementor-element-populated\">\n\t\t\t\t\t\t<section class=\"elementor-section elementor-inner-section elementor-element elementor-element-343026c elementor-section-boxed elementor-section-height-default elementor-section-height-default\" data-id=\"343026c\" data-element_type=\"section\" data-e-type=\"section\">\n\t\t\t\t\t\t<div class=\"elementor-container elementor-column-gap-default\">\n\t\t\t\t\t<div class=\"elementor-column elementor-col-50 elementor-inner-column elementor-element elementor-element-1f6dec2\" data-id=\"1f6dec2\" data-element_type=\"column\" data-e-type=\"column\">\n\t\t\t<div class=\"elementor-widget-wrap elementor-element-populated\">\n\t\t\t\t\t\t<div class=\"elementor-element elementor-element-d3bf6da elementor-invisible elementor-widget elementor-widget-image\" data-id=\"d3bf6da\" data-element_type=\"widget\" data-e-type=\"widget\" data-settings=\"{&quot;_animation&quot;:&quot;fadeInLeft&quot;}\" data-widget_type=\"image.default\">\n\t\t\t\t<div class=\"elementor-widget-container\">\n\t\t\t\t\t\t\t\t\t\t\t\t\t\t\t\t<a href=\"https:\/\/www.instagram.com\/bletastegallery\/\" target=\"_blank\">\n\t\t\t\t\t\t\t<img fetchpriority=\"high\" decoding=\"async\" width=\"500\" height=\"500\" src=\"https:\/\/www.foodanddrinks-expo.gr\/wp-content\/uploads\/2025\/10\/Ble-1.png\" class=\"attachment-large size-large wp-image-10937\" alt=\"\" srcset=\"https:\/\/www.foodanddrinks-expo.gr\/wp-content\/uploads\/2025\/10\/Ble-1.png 500w, https:\/\/www.foodanddrinks-expo.gr\/wp-content\/uploads\/2025\/10\/Ble-1-300x300.png 300w, https:\/\/www.foodanddrinks-expo.gr\/wp-content\/uploads\/2025\/10\/Ble-1-150x150.png 150w\" sizes=\"(max-width: 500px) 100vw, 500px\" \/>\t\t\t\t\t\t\t\t<\/a>\n\t\t\t\t\t\t\t\t\t\t\t\t\t\t\t<\/div>\n\t\t\t\t<\/div>\n\t\t\t\t\t<\/div>\n\t\t<\/div>\n\t\t\t\t<div class=\"elementor-column elementor-col-50 elementor-inner-column elementor-element elementor-element-5744f54\" data-id=\"5744f54\" data-element_type=\"column\" data-e-type=\"column\">\n\t\t\t<div class=\"elementor-widget-wrap elementor-element-populated\">\n\t\t\t\t\t\t<div class=\"elementor-element elementor-element-fe2c990 elementor-widget elementor-widget-text-editor\" data-id=\"fe2c990\" data-element_type=\"widget\" data-e-type=\"widget\" data-widget_type=\"text-editor.default\">\n\t\t\t\t<div class=\"elementor-widget-container\">\n\t\t\t\t\t\t\t\t\t<h3><strong>Two Venues: Bl\u00e9 &amp; Bl\u00e9 Vin<\/strong><\/h3><h3><strong>Bl\u00e9 Vin<\/strong><\/h3><p><strong>Bl\u00e9 Vin<\/strong> is a <strong>wine boutique<\/strong>, a <strong>wine bar<\/strong>, and an <strong>exceptional prosciutteria<\/strong>.\u00a0In its minimal space, featuring a stunning wine cellar, you\u2019ll find <strong>over 400 gems<\/strong> from Greek and international winemakers, available <strong>by the glass<\/strong>, for <strong>purchase<\/strong>, or for <strong>immediate enjoyment<\/strong> at the solid walnut tables, with a small fixed cork fee.<\/p><p>Enjoy your wine paired with <strong>exclusive platters of prosciutto<\/strong> and other <strong>PDO-aged cuts<\/strong>, sourced through <strong>exclusive imports<\/strong> and further matured in-house for up to <strong>48 months<\/strong>. Complement your experience with <strong>cheeses from exceptional Greek and international cheesemakers<\/strong>, and <strong>homemade chutneys and pickles<\/strong> crafted from <strong>wild-foraged seasonal produce<\/strong>.<\/p><p>A <strong>small, weekly changing menu<\/strong>, inspired by the <strong>available ingredients<\/strong> and the <strong>creativity of the chef and his team<\/strong>, completes the Bl\u00e9 Vin experience.<\/p><p><strong>Chef Antonis Varaklis<\/strong> and his culinary team at <strong>Bl\u00e9 Vin<\/strong> combine <strong>creative Greek flavors<\/strong> with the <strong>power of seasonal ingredients<\/strong>. With deep respect for authentic taste and attention to detail, they craft dishes that celebrate the <strong>relationship between wine and gastronomy<\/strong>.<\/p><p><em>Agias Sofias &amp; G. Stavrou 14, Thessaloniki +30 2310 231201<\/em><br \/>\u00a0<a href=\"http:\/\/www.blevin.gr\/\">www.blevin.gr<\/a><\/p><h3><strong>Bl\u00e9 Taste Gallery<\/strong><\/h3><p>A holistic <strong>Bake House, Patisserie, Espresso Micro-Roastery, and Eatery,<\/strong> all housed within <strong>1,000 m\u00b2 of volcanic red stone<\/strong>.\u00a0At its heart stands a <strong>unique menhir-shaped wood-fired oven<\/strong>, twelve meters high, where <strong>slow-fermented breads<\/strong>, <strong>sourdough creations<\/strong>, and <strong>handmade Macedonian and Cretan pies,<\/strong> including the iconic <em>lychnarakia<\/em> in seven distinct flavors \u2014 are baked daily.<\/p><p>Delicate <strong>desserts crafted with Belgian chocolate and fresh fruit<\/strong>, <strong>all-natural gelato<\/strong>, and a <strong>seasonal kitchen<\/strong> offering <strong>buffet-style dishes or grab-and-go snacks<\/strong> complete the gallery of flavors.\u00a0Everything is complemented by <strong>house-blended 100% Arabica coffee<\/strong>, making <strong>Bl\u00e9 Taste Gallery<\/strong> a true destination for artisanal gastronomy on <strong>Thessaloniki\u2019s most central pedestrian street<\/strong>.<\/p><p><em>Agias Sofias 19 &amp; G. Stavrou, Thessaloniki +30 2310 220008<\/em><br \/>\u00a0<a href=\"http:\/\/www.bletastegallery.com\/\">www.bletastegallery.com<\/a><\/p>\t\t\t\t\t\t\t\t<\/div>\n\t\t\t\t<\/div>\n\t\t\t\t<div class=\"elementor-element elementor-element-903981a elementor-widget-divider--view-line elementor-widget elementor-widget-divider\" data-id=\"903981a\" data-element_type=\"widget\" data-e-type=\"widget\" data-widget_type=\"divider.default\">\n\t\t\t\t<div class=\"elementor-widget-container\">\n\t\t\t\t\t\t\t<div class=\"elementor-divider\">\n\t\t\t<span class=\"elementor-divider-separator\">\n\t\t\t\t\t\t<\/span>\n\t\t<\/div>\n\t\t\t\t\t\t<\/div>\n\t\t\t\t<\/div>\n\t\t\t\t<div class=\"elementor-element elementor-element-372ed86 elementor-widget elementor-widget-button\" data-id=\"372ed86\" data-element_type=\"widget\" data-e-type=\"widget\" data-widget_type=\"button.default\">\n\t\t\t\t<div class=\"elementor-widget-container\">\n\t\t\t\t\t\t\t\t\t<div class=\"elementor-button-wrapper\">\n\t\t\t\t\t<a class=\"elementor-button elementor-button-link elementor-size-sm\" href=\"https:\/\/www.foodanddrinks-expo.gr\/en\/gastronomy-experience\/\">\n\t\t\t\t\t\t<span class=\"elementor-button-content-wrapper\">\n\t\t\t\t\t\t\t\t\t<span class=\"elementor-button-text\">Return to Gastronomy Experience<\/span>\n\t\t\t\t\t<\/span>\n\t\t\t\t\t<\/a>\n\t\t\t\t<\/div>\n\t\t\t\t\t\t\t\t<\/div>\n\t\t\t\t<\/div>\n\t\t\t\t\t<\/div>\n\t\t<\/div>\n\t\t\t\t\t<\/div>\n\t\t<\/section>\n\t\t\t\t\t<\/div>\n\t\t<\/div>\n\t\t\t\t\t<\/div>\n\t\t<\/section>\n\t\t\t\t<\/div>\n\t\t","protected":false},"excerpt":{"rendered":"<p>Two Venues: Bl\u00e9 &amp; Bl\u00e9 Vin Bl\u00e9 Vin Bl\u00e9 Vin is a wine boutique, a wine bar, and an exceptional prosciutteria.\u00a0In its minimal space, featuring a stunning wine cellar, you\u2019ll find over 400 gems from Greek and international winemakers, available by the glass, for purchase, or for immediate enjoyment at the solid walnut tables, with [&hellip;]<\/p>\n","protected":false},"author":1,"featured_media":0,"parent":0,"menu_order":0,"comment_status":"closed","ping_status":"closed","template":"","meta":{"footnotes":""},"class_list":["post-11227","page","type-page","status-publish","hentry"],"yoast_head":"<!-- This site is optimized with the Yoast SEO plugin v27.5 - https:\/\/yoast.com\/product\/yoast-seo-wordpress\/ -->\n<title>Ble - Food &amp; Drinks Expo<\/title>\n<meta name=\"robots\" content=\"index, follow, max-snippet:-1, max-image-preview:large, max-video-preview:-1\" \/>\n<link rel=\"canonical\" href=\"https:\/\/www.foodanddrinks-expo.gr\/en\/ble\/\" \/>\n<meta property=\"og:locale\" content=\"en_US\" \/>\n<meta property=\"og:type\" content=\"article\" \/>\n<meta property=\"og:title\" content=\"Ble - Food &amp; Drinks Expo\" \/>\n<meta property=\"og:description\" content=\"Two Venues: Bl\u00e9 &amp; Bl\u00e9 Vin Bl\u00e9 Vin Bl\u00e9 Vin is a wine boutique, a wine bar, and an exceptional prosciutteria.\u00a0In its minimal space, featuring a stunning wine cellar, you\u2019ll find over 400 gems from Greek and international winemakers, available by the glass, for purchase, or for immediate enjoyment at the solid walnut tables, with [&hellip;]\" \/>\n<meta property=\"og:url\" content=\"https:\/\/www.foodanddrinks-expo.gr\/en\/ble\/\" \/>\n<meta property=\"og:site_name\" content=\"Food &amp; Drinks Expo\" \/>\n<meta property=\"article:publisher\" content=\"https:\/\/www.facebook.com\/foodanddrinksexpo\" \/>\n<meta property=\"article:modified_time\" content=\"2025-10-30T11:43:50+00:00\" \/>\n<meta property=\"og:image\" content=\"https:\/\/www.foodanddrinks-expo.gr\/wp-content\/uploads\/2025\/10\/Ble-1.png\" \/>\n\t<meta property=\"og:image:width\" content=\"500\" \/>\n\t<meta property=\"og:image:height\" content=\"500\" \/>\n\t<meta property=\"og:image:type\" content=\"image\/png\" \/>\n<meta name=\"twitter:card\" content=\"summary_large_image\" \/>\n<meta name=\"twitter:label1\" content=\"Est. reading time\" \/>\n\t<meta name=\"twitter:data1\" content=\"2 minutes\" \/>\n<script type=\"application\/ld+json\" class=\"yoast-schema-graph\">{\"@context\":\"https:\\\/\\\/schema.org\",\"@graph\":[{\"@type\":\"WebPage\",\"@id\":\"https:\\\/\\\/www.foodanddrinks-expo.gr\\\/en\\\/ble\\\/\",\"url\":\"https:\\\/\\\/www.foodanddrinks-expo.gr\\\/en\\\/ble\\\/\",\"name\":\"Ble - Food &amp; Drinks Expo\",\"isPartOf\":{\"@id\":\"https:\\\/\\\/www.foodanddrinks-expo.gr\\\/#website\"},\"primaryImageOfPage\":{\"@id\":\"https:\\\/\\\/www.foodanddrinks-expo.gr\\\/en\\\/ble\\\/#primaryimage\"},\"image\":{\"@id\":\"https:\\\/\\\/www.foodanddrinks-expo.gr\\\/en\\\/ble\\\/#primaryimage\"},\"thumbnailUrl\":\"https:\\\/\\\/www.foodanddrinks-expo.gr\\\/wp-content\\\/uploads\\\/2025\\\/10\\\/Ble-1.png\",\"datePublished\":\"2025-10-29T09:51:40+00:00\",\"dateModified\":\"2025-10-30T11:43:50+00:00\",\"breadcrumb\":{\"@id\":\"https:\\\/\\\/www.foodanddrinks-expo.gr\\\/en\\\/ble\\\/#breadcrumb\"},\"inLanguage\":\"en-US\",\"potentialAction\":[{\"@type\":\"ReadAction\",\"target\":[\"https:\\\/\\\/www.foodanddrinks-expo.gr\\\/en\\\/ble\\\/\"]}]},{\"@type\":\"ImageObject\",\"inLanguage\":\"en-US\",\"@id\":\"https:\\\/\\\/www.foodanddrinks-expo.gr\\\/en\\\/ble\\\/#primaryimage\",\"url\":\"https:\\\/\\\/www.foodanddrinks-expo.gr\\\/wp-content\\\/uploads\\\/2025\\\/10\\\/Ble-1.png\",\"contentUrl\":\"https:\\\/\\\/www.foodanddrinks-expo.gr\\\/wp-content\\\/uploads\\\/2025\\\/10\\\/Ble-1.png\"},{\"@type\":\"BreadcrumbList\",\"@id\":\"https:\\\/\\\/www.foodanddrinks-expo.gr\\\/en\\\/ble\\\/#breadcrumb\",\"itemListElement\":[{\"@type\":\"ListItem\",\"position\":1,\"name\":\"Home\",\"item\":\"https:\\\/\\\/www.foodanddrinks-expo.gr\\\/\"},{\"@type\":\"ListItem\",\"position\":2,\"name\":\"Ble\"}]},{\"@type\":\"WebSite\",\"@id\":\"https:\\\/\\\/www.foodanddrinks-expo.gr\\\/#website\",\"url\":\"https:\\\/\\\/www.foodanddrinks-expo.gr\\\/\",\"name\":\"FOOD & DRINKS INTERNATIONAL EXPO\",\"description\":\"International Food &amp; Drinks Expo\",\"publisher\":{\"@id\":\"https:\\\/\\\/www.foodanddrinks-expo.gr\\\/#organization\"},\"alternateName\":\"FOOD & DRINKS INTERNATIONAL EXPO\",\"potentialAction\":[{\"@type\":\"SearchAction\",\"target\":{\"@type\":\"EntryPoint\",\"urlTemplate\":\"https:\\\/\\\/www.foodanddrinks-expo.gr\\\/?s={search_term_string}\"},\"query-input\":{\"@type\":\"PropertyValueSpecification\",\"valueRequired\":true,\"valueName\":\"search_term_string\"}}],\"inLanguage\":\"en-US\"},{\"@type\":\"Organization\",\"@id\":\"https:\\\/\\\/www.foodanddrinks-expo.gr\\\/#organization\",\"name\":\"FOOD & DRINKS INTERNATIONAL EXPO\",\"alternateName\":\"FOOD & DRINKS INTERNATIONAL EXPO\",\"url\":\"https:\\\/\\\/www.foodanddrinks-expo.gr\\\/\",\"logo\":{\"@type\":\"ImageObject\",\"inLanguage\":\"en-US\",\"@id\":\"https:\\\/\\\/www.foodanddrinks-expo.gr\\\/#\\\/schema\\\/logo\\\/image\\\/\",\"url\":\"https:\\\/\\\/www.foodanddrinks-expo.gr\\\/wp-content\\\/uploads\\\/2025\\\/01\\\/433720550_413634351315573_9022839131542155703_n.jpg\",\"contentUrl\":\"https:\\\/\\\/www.foodanddrinks-expo.gr\\\/wp-content\\\/uploads\\\/2025\\\/01\\\/433720550_413634351315573_9022839131542155703_n.jpg\",\"width\":300,\"height\":300,\"caption\":\"FOOD & DRINKS INTERNATIONAL EXPO\"},\"image\":{\"@id\":\"https:\\\/\\\/www.foodanddrinks-expo.gr\\\/#\\\/schema\\\/logo\\\/image\\\/\"},\"sameAs\":[\"https:\\\/\\\/www.facebook.com\\\/foodanddrinksexpo\",\"https:\\\/\\\/www.instagram.com\\\/foodanddrinks_expo\",\"https:\\\/\\\/www.linkedin.com\\\/showcase\\\/food-and-drinks-expo\"]}]}<\/script>\n<!-- \/ Yoast SEO plugin. -->","yoast_head_json":{"title":"Ble - Food &amp; Drinks Expo","robots":{"index":"index","follow":"follow","max-snippet":"max-snippet:-1","max-image-preview":"max-image-preview:large","max-video-preview":"max-video-preview:-1"},"canonical":"https:\/\/www.foodanddrinks-expo.gr\/en\/ble\/","og_locale":"en_US","og_type":"article","og_title":"Ble - Food &amp; Drinks Expo","og_description":"Two Venues: Bl\u00e9 &amp; Bl\u00e9 Vin Bl\u00e9 Vin Bl\u00e9 Vin is a wine boutique, a wine bar, and an exceptional prosciutteria.\u00a0In its minimal space, featuring a stunning wine cellar, you\u2019ll find over 400 gems from Greek and international winemakers, available by the glass, for purchase, or for immediate enjoyment at the solid walnut tables, with [&hellip;]","og_url":"https:\/\/www.foodanddrinks-expo.gr\/en\/ble\/","og_site_name":"Food &amp; Drinks Expo","article_publisher":"https:\/\/www.facebook.com\/foodanddrinksexpo","article_modified_time":"2025-10-30T11:43:50+00:00","og_image":[{"width":500,"height":500,"url":"https:\/\/www.foodanddrinks-expo.gr\/wp-content\/uploads\/2025\/10\/Ble-1.png","type":"image\/png"}],"twitter_card":"summary_large_image","twitter_misc":{"Est. reading time":"2 minutes"},"schema":{"@context":"https:\/\/schema.org","@graph":[{"@type":"WebPage","@id":"https:\/\/www.foodanddrinks-expo.gr\/en\/ble\/","url":"https:\/\/www.foodanddrinks-expo.gr\/en\/ble\/","name":"Ble - Food &amp; Drinks Expo","isPartOf":{"@id":"https:\/\/www.foodanddrinks-expo.gr\/#website"},"primaryImageOfPage":{"@id":"https:\/\/www.foodanddrinks-expo.gr\/en\/ble\/#primaryimage"},"image":{"@id":"https:\/\/www.foodanddrinks-expo.gr\/en\/ble\/#primaryimage"},"thumbnailUrl":"https:\/\/www.foodanddrinks-expo.gr\/wp-content\/uploads\/2025\/10\/Ble-1.png","datePublished":"2025-10-29T09:51:40+00:00","dateModified":"2025-10-30T11:43:50+00:00","breadcrumb":{"@id":"https:\/\/www.foodanddrinks-expo.gr\/en\/ble\/#breadcrumb"},"inLanguage":"en-US","potentialAction":[{"@type":"ReadAction","target":["https:\/\/www.foodanddrinks-expo.gr\/en\/ble\/"]}]},{"@type":"ImageObject","inLanguage":"en-US","@id":"https:\/\/www.foodanddrinks-expo.gr\/en\/ble\/#primaryimage","url":"https:\/\/www.foodanddrinks-expo.gr\/wp-content\/uploads\/2025\/10\/Ble-1.png","contentUrl":"https:\/\/www.foodanddrinks-expo.gr\/wp-content\/uploads\/2025\/10\/Ble-1.png"},{"@type":"BreadcrumbList","@id":"https:\/\/www.foodanddrinks-expo.gr\/en\/ble\/#breadcrumb","itemListElement":[{"@type":"ListItem","position":1,"name":"Home","item":"https:\/\/www.foodanddrinks-expo.gr\/"},{"@type":"ListItem","position":2,"name":"Ble"}]},{"@type":"WebSite","@id":"https:\/\/www.foodanddrinks-expo.gr\/#website","url":"https:\/\/www.foodanddrinks-expo.gr\/","name":"FOOD & DRINKS INTERNATIONAL EXPO","description":"International Food &amp; Drinks Expo","publisher":{"@id":"https:\/\/www.foodanddrinks-expo.gr\/#organization"},"alternateName":"FOOD & DRINKS INTERNATIONAL EXPO","potentialAction":[{"@type":"SearchAction","target":{"@type":"EntryPoint","urlTemplate":"https:\/\/www.foodanddrinks-expo.gr\/?s={search_term_string}"},"query-input":{"@type":"PropertyValueSpecification","valueRequired":true,"valueName":"search_term_string"}}],"inLanguage":"en-US"},{"@type":"Organization","@id":"https:\/\/www.foodanddrinks-expo.gr\/#organization","name":"FOOD & DRINKS INTERNATIONAL EXPO","alternateName":"FOOD & DRINKS INTERNATIONAL EXPO","url":"https:\/\/www.foodanddrinks-expo.gr\/","logo":{"@type":"ImageObject","inLanguage":"en-US","@id":"https:\/\/www.foodanddrinks-expo.gr\/#\/schema\/logo\/image\/","url":"https:\/\/www.foodanddrinks-expo.gr\/wp-content\/uploads\/2025\/01\/433720550_413634351315573_9022839131542155703_n.jpg","contentUrl":"https:\/\/www.foodanddrinks-expo.gr\/wp-content\/uploads\/2025\/01\/433720550_413634351315573_9022839131542155703_n.jpg","width":300,"height":300,"caption":"FOOD & DRINKS INTERNATIONAL EXPO"},"image":{"@id":"https:\/\/www.foodanddrinks-expo.gr\/#\/schema\/logo\/image\/"},"sameAs":["https:\/\/www.facebook.com\/foodanddrinksexpo","https:\/\/www.instagram.com\/foodanddrinks_expo","https:\/\/www.linkedin.com\/showcase\/food-and-drinks-expo"]}]}},"_links":{"self":[{"href":"https:\/\/www.foodanddrinks-expo.gr\/en\/wp-json\/wp\/v2\/pages\/11227","targetHints":{"allow":["GET"]}}],"collection":[{"href":"https:\/\/www.foodanddrinks-expo.gr\/en\/wp-json\/wp\/v2\/pages"}],"about":[{"href":"https:\/\/www.foodanddrinks-expo.gr\/en\/wp-json\/wp\/v2\/types\/page"}],"author":[{"embeddable":true,"href":"https:\/\/www.foodanddrinks-expo.gr\/en\/wp-json\/wp\/v2\/users\/1"}],"replies":[{"embeddable":true,"href":"https:\/\/www.foodanddrinks-expo.gr\/en\/wp-json\/wp\/v2\/comments?post=11227"}],"version-history":[{"count":5,"href":"https:\/\/www.foodanddrinks-expo.gr\/en\/wp-json\/wp\/v2\/pages\/11227\/revisions"}],"predecessor-version":[{"id":11276,"href":"https:\/\/www.foodanddrinks-expo.gr\/en\/wp-json\/wp\/v2\/pages\/11227\/revisions\/11276"}],"wp:attachment":[{"href":"https:\/\/www.foodanddrinks-expo.gr\/en\/wp-json\/wp\/v2\/media?parent=11227"}],"curies":[{"name":"wp","href":"https:\/\/api.w.org\/{rel}","templated":true}]}}